{"id":2948,"date":"2024-05-07T10:12:02","date_gmt":"2024-05-07T10:12:02","guid":{"rendered":"https:\/\/www.gunayalapanamatravel.com\/preguntas-frecuentes\/"},"modified":"2024-10-24T19:40:02","modified_gmt":"2024-10-24T19:40:02","slug":"preguntas-frecuentes","status":"publish","type":"page","link":"https:\/\/www.gunayalapanamatravel.com\/es\/preguntas-frecuentes\/","title":{"rendered":"Preguntas frecuentes"},"content":{"rendered":"<p>[et_pb_section fb_built=\u00bb1&#8243; _builder_version=\u00bb4.25.0&#8243; _module_preset=\u00bbdefault\u00bb background_image=\u00bbhttps:\/\/www.gunayalapanamatravel.com\/wp-content\/uploads\/2024\/04\/Abisua-Guna-Yala-San-Blas-Islands-Travel-and-Tour-Packages.jpg\u00bb height=\u00bb95vh\u00bb locked=\u00bboff\u00bb global_colors_info=\u00bb{}\u00bb][et_pb_row _builder_version=\u00bb4.24.0&#8243; _module_preset=\u00bbdefault\u00bb positioning=\u00bbabsolute\u00bb position_origin_a=\u00bbcenter_center\u00bb locked=\u00bboff\u00bb global_colors_info=\u00bb{}\u00bb][et_pb_column type=\u00bb4_4&#8243; _builder_version=\u00bb4.24.0&#8243; _module_preset=\u00bbdefault\u00bb pac_dcm_carousel_specific_module_num=\u00bb0&#8243; global_colors_info=\u00bb{}\u00bb][et_pb_text _builder_version=\u00bb4.25.0&#8243; _module_preset=\u00bbdefault\u00bb header_text_color=\u00bb#FFFFFF\u00bb header_font_size=\u00bb40px\u00bb header_2_text_color=\u00bb#FFFFFF\u00bb text_orientation=\u00bbcenter\u00bb text_text_shadow_style=\u00bbpreset1&#8243; text_text_shadow_color=\u00bbrgba(0,0,0,0.6)\u00bb global_colors_info=\u00bb{}\u00bb]<\/p>\n<h1>Preguntas Comunes<\/h1>\n<h2>Respuestas sencillas a tus preguntas.<\/h2>\n<p>[\/et_pb_text][\/et_pb_column][\/et_pb_row][\/et_pb_section][et_pb_section fb_built=\u00bb1&#8243; _builder_version=\u00bb4.24.0&#8243; _module_preset=\u00bbdefault\u00bb custom_padding=\u00bb0px||0px||true|false\u00bb locked=\u00bboff\u00bb global_colors_info=\u00bb{}\u00bb][et_pb_row _builder_version=\u00bb4.24.0&#8243; _module_preset=\u00bbdefault\u00bb width=\u00bb100%\u00bb max_width=\u00bb100%\u00bb custom_padding=\u00bb0px||0px||true|false\u00bb global_colors_info=\u00bb{}\u00bb][et_pb_column type=\u00bb4_4&#8243; _builder_version=\u00bb4.24.0&#8243; _module_preset=\u00bbdefault\u00bb pac_dcm_carousel_specific_module_num=\u00bb0&#8243; global_colors_info=\u00bb{}\u00bb][et_pb_image src=\u00bbhttps:\/\/www.gunayalapanamatravel.com\/wp-content\/uploads\/2024\/03\/Abisua-San-Blas-Guna-Yala-Travel-Panama-Mola-bar-2.webp\u00bb title_text=\u00bbAbisua San Blas Guna Yala Travel Panam\u00e1 Mola bar 2&#8243; _builder_version=\u00bb4.25.0&#8243; _module_preset=\u00bbdefault\u00bb global_colors_info=\u00bb{}\u00bb][\/et_pb_image][\/et_pb_column][\/et_pb_row][\/et_pb_section][et_pb_section fb_built=\u00bb1&#8243; _builder_version=\u00bb4.25.0&#8243; _module_preset=\u00bbdefault\u00bb global_colors_info=\u00bb{}\u00bb][et_pb_row _builder_version=\u00bb4.25.0&#8243; _module_preset=\u00bbdefault\u00bb locked=\u00bboff\u00bb global_colors_info=\u00bb{}\u00bb][et_pb_column type=\u00bb4_4&#8243; _builder_version=\u00bb4.25.0&#8243; _module_preset=\u00bbdefault\u00bb pac_dcm_carousel_specific_module_num=\u00bb0&#8243; global_colors_info=\u00bb{}\u00bb][et_pb_text _builder_version=\u00bb4.25.0&#8243; _module_preset=\u00bbdefault\u00bb text_font=\u00bb|300|||||||\u00bb header_2_font=\u00bb|700||on|||||\u00bb header_2_text_color=\u00bbgcid-f90fc11b-a40f-4e55-818a-1d1d018e152e\u00bb header_2_font_size=\u00bb18px\u00bb header_3_font=\u00bb|700|||||||\u00bb header_3_font_size=\u00bb38px\u00bb max_width=\u00bb400px\u00bb custom_margin=\u00bb||10px||false|false\u00bb locked=\u00bboff\u00bb global_colors_info=\u00bb{%22gcid-f90fc11b-a40f-4e55-818a-1d1d018e152e%22:%91%22header_2_text_color%22%93}\u00bb]<\/p>\n<h2>PREGUNTAS FRECUENTES<\/h2>\n<h3>Preguntas frecuentes<\/h3>\n<p>[\/et_pb_text][et_pb_text _builder_version=\u00bb4.25.0&#8243; _module_preset=\u00bbdefault\u00bb text_font=\u00bb|300|||||||\u00bb header_2_font=\u00bb|700||on|||||\u00bb header_2_text_color=\u00bbgcid-f90fc11b-a40f-4e55-818a-1d1d018e152e\u00bb header_2_font_size=\u00bb18px\u00bb header_3_font=\u00bb|700|||||||\u00bb header_3_font_size=\u00bb38px\u00bb locked=\u00bboff\u00bb global_colors_info=\u00bb{%22gcid-f90fc11b-a40f-4e55-818a-1d1d018e152e%22:%91%22header_2_text_color%22%93}\u00bb]<\/p>\n<p><span style=\"font-weight: 400;\">Aqu\u00ed te dejamos algunas preguntas frecuentes, esperando que sus dudas sean respondidas de lo contrario escribirnos y con mucho gusto le ayudamos. <\/span><\/p>\n<p>[\/et_pb_text][et_pb_accordion open_toggle_text_color=\u00bb#FFFFFF\u00bb open_toggle_background_color=\u00bb#E09900&#8243; closed_toggle_background_color=\u00bb#FFFFFF\u00bb icon_color=\u00bbgcid-f90fc11b-a40f-4e55-818a-1d1d018e152e\u00bb use_icon_font_size=\u00bbon\u00bb icon_font_size=\u00bb20px\u00bb _builder_version=\u00bb4.25.0&#8243; _module_preset=\u00bbdefault\u00bb toggle_text_color=\u00bb#000000&#8243; toggle_font=\u00bb|700|||||||\u00bb body_font_size=\u00bb14px\u00bb hover_enabled=\u00bb0&#8243; border_width_all=\u00bb0px\u00bb locked=\u00bboff\u00bb global_colors_info=\u00bb{%22gcid-f90fc11b-a40f-4e55-818a-1d1d018e152e%22:%91%22icon_color%22%93}\u00bb closed_toggle_text_color=\u00bb#000000&#8243; sticky_enabled=\u00bb0&#8243;][et_pb_accordion_item title=\u00bb\u00bfCu\u00e1l es el n\u00famero m\u00ednimo de personas para la excursi\u00f3n?\u00bb open=\u00bboff\u00bb _builder_version=\u00bb4.25.0&#8243; _module_preset=\u00bbdefault\u00bb body_font=\u00bb|300|||||||\u00bb global_colors_info=\u00bb{}\u00bb]Nuestras tarifas est\u00e1n calculadas para un m\u00ednimo de 1 persona.[\/et_pb_accordion_item][et_pb_accordion_item title=\u00bb\u00bfPor qu\u00e9 tenemos que estar preparados a las 5 de la ma\u00f1ana?  \u00bb _builder_version=\u00bb4.25.0&#8243; _module_preset=\u00bbdefault\u00bb body_font=\u00bb|300|||||||\u00bb global_colors_info=\u00bb{}\u00bb open=\u00bboff\u00bb]Debes estar listo a las 5:00 am porque tenemos 1 hora para recoger a todos los clientes alojados en diferentes hoteles (de 5:00 am a 6:00 am). Si no est\u00e1s listo cuando lleguemos, perder\u00e1s todos los beneficios adquiridos con la compra de nuestros paquetes. Recuerda que el transporte se comparte con otras personas.[\/et_pb_accordion_item][et_pb_accordion_item title=\u00bb\u00bfPuedes recogerme m\u00e1s tarde?  \u00bb _builder_version=\u00bb4.25.0&#8243; _module_preset=\u00bbdefault\u00bb body_font=\u00bb|300|||||||\u00bb global_colors_info=\u00bb{}\u00bb open=\u00bboff\u00bb]Si has comprado nuestro paquete VIP (privado), te recogeremos a la hora que desees.[\/et_pb_accordion_item][et_pb_accordion_item title=\u00bb\u00bfQu\u00e9 tipo de coche utiliz\u00e1is para nuestro traslado a la regi\u00f3n?  \u00bb _builder_version=\u00bb4.25.0&#8243; _module_preset=\u00bbdefault\u00bb body_font=\u00bb|300|||||||\u00bb global_colors_info=\u00bb{}\u00bb open=\u00bboff\u00bb]Disponemos de camionetas Toyota Fortuner 4&#215;4, dise\u00f1adas para transportar hasta 7 personas. Sin embargo, para optimizar la comodidad de nuestros clientes y cumplir los requisitos del Congreso General Guna y la dificultad de la carretera que conduce a San Blas, limitamos la capacidad a 6 pasajeros por veh\u00edculo. Cabe destacar que nuestros coches se someten a un mantenimiento regular, tienen un seguro a todo riesgo para garantizar la seguridad de todos los pasajeros y disponen de permisos de circulaci\u00f3n nacionales y regionales (autorizados por el Congreso General Guna).[\/et_pb_accordion_item][et_pb_accordion_item title=\u00bb\u00bfC\u00f3mo caben en el coche 6 pasajeros m\u00e1s el conductor?  \u00bb _builder_version=\u00bb4.25.0&#8243; _module_preset=\u00bbdefault\u00bb body_font=\u00bb|300|||||||\u00bb global_colors_info=\u00bb{}\u00bb open=\u00bboff\u00bb]Disponemos el coche como sigue: 1 persona en el asiento delantero junto al conductor, 3 personas en los asientos traseros y 2 personas en los asientos traseros de la segunda fila.[\/et_pb_accordion_item][et_pb_accordion_item title=\u00bb\u00bfPor que debo llevar mi cedula o pasaporte original? \u00bb _builder_version=\u00bb4.25.0&#8243; _module_preset=\u00bbdefault\u00bb body_font=\u00bb|300|||||||\u00bb global_colors_info=\u00bb{}\u00bb open=\u00bboff\u00bb]Es de suma importancia presentar su CEDULA O PASAPORTE ORIGINAL para la verificaci\u00f3n del sello de entrada al pa\u00eds (extranjeros), esto lo efect\u00faa el servicio nacional de fronteras antes de entrar a la comarca. No se aceptan copias, carnets universitarios, licencias de conducir ni el DNI de su pa\u00eds. De no presentar el documento original corre el riesgo de no pasar a la comarca.[\/et_pb_accordion_item][et_pb_accordion_item title=\u00bb\u00bfPor qu\u00e9 cobran un impuesto de entrada? \u00bb _builder_version=\u00bb4.25.0&#8243; _module_preset=\u00bbdefault\u00bb body_font=\u00bb|300|||||||\u00bb global_colors_info=\u00bb{}\u00bb open=\u00bboff\u00bb]M\u00e1s que un impuesto es una contribuci\u00f3n para el sostenimiento de los diferentes programas que tiene la comarca como, por ejemplo: Educaci\u00f3n biling\u00fce intercultural (EBI) en la primaria y secundaria para el fortalecimiento de nuestro idioma y tradiciones culturales, organizaci\u00f3n y movilizaci\u00f3n de los congresos generales donde nuestros lideres se re\u00fanen para discutir temas de inter\u00e9s como: el turismo, la problem\u00e1tica de la basura, nuestra cultura, entre otras.<\/p>\n<p>Dicha contribuci\u00f3n es cobrada en la entrada de la comarca exclusivamente por el Congresos General Guna como m\u00e1xima autoridad quienes llevan un registro de todos los visitantes.[\/et_pb_accordion_item][et_pb_accordion_item title=\u00bb\u00bfC\u00f3mo es el bote que utilizan para el tour? \u00bb _builder_version=\u00bb4.25.0&#8243; _module_preset=\u00bbdefault\u00bb body_font=\u00bb|300|||||||\u00bb global_colors_info=\u00bb{}\u00bb open=\u00bboff\u00bb]Nuestro bote cuenta con un motor fuera de borda, nuestro bote est\u00e1 hecho de fibra de vidrio, est\u00e1 techado, tiene capacidad para 15 a 20 personas adultas c\u00f3modamente sentadas, equipado con chalecos salvavidas y botiqu\u00edn de primeros auxilios.[\/et_pb_accordion_item][et_pb_accordion_item title=\u00bb\u00bfSi tengo un inconveniente c\u00f3mo los contacto? \u00bb _builder_version=\u00bb4.25.0&#8243; _module_preset=\u00bbdefault\u00bb body_font=\u00bb|300|||||||\u00bb global_colors_info=\u00bb{}\u00bb open=\u00bboff\u00bb]Usted nunca estar\u00e1 solo (a), siempre contar\u00e1 con un gu\u00eda quien resolver\u00e1 cualquier situaci\u00f3n que se presente, si usted necesita salir anticipadamente por alguna emergencia nuestro bote estar\u00e1 listo para realizar el traslado hacia el puerto donde espera nuestro auto para trasladarlo (a) hacia la ciudad. (El coste es cubierto por usted)[\/et_pb_accordion_item][et_pb_accordion_item title=\u00bb\u00bfEl mar es muy picado o hay mucho oleaje? \u00bb _builder_version=\u00bb4.25.0&#8243; _module_preset=\u00bbdefault\u00bb body_font=\u00bb|300|||||||\u00bb global_colors_info=\u00bb{}\u00bb open=\u00bboff\u00bb]Los meses de diciembre a marzo el curso del viento cambia y entra por el norte de Panam\u00e1 llamado vientos silicios por lo que el mar tiende a estar agitado y muy picado.<\/p>\n<p>Los meses de abril a noviembre el viento proviene del sur de Panam\u00e1 chocando con nuestra cordillera y provocando que la intensidad del viento disminuya haciendo que el mar se mantenga completamente tranquilo.[\/et_pb_accordion_item][et_pb_accordion_item title=\u00bb\u00bfEs recomendable viajar los meses de diciembre a marzo? \u00bb _builder_version=\u00bb4.25.0&#8243; _module_preset=\u00bbdefault\u00bb body_font=\u00bb|300|||||||\u00bb global_colors_info=\u00bb{}\u00bb open=\u00bboff\u00bb]Curiosamente de diciembre a marzo es la temporada donde m\u00e1s turistas visitan nuestra comarca. Por lo que nosotros tomamos todas las medidas necesarias para garantizar un viaje seguro. Minimizar el peso, minimizar la cantidad de personas y por supuesto la aprobaci\u00f3n de zarpar de nuestro capit\u00e1n con mucha experiencia, son algunas de las medidas que tomamos para garantizar un viaje c\u00f3modo y seguro.<br \/>\n<br \/>Cabe destacar que NO es recomendable para ni\u00f1os menores de 5 a\u00f1os y mujeres embarazadas.[\/et_pb_accordion_item][et_pb_accordion_item title=\u00bb\u00bfTendr\u00e9 se\u00f1al o servicio telef\u00f3nico en la isla? \u00bb _builder_version=\u00bb4.25.0&#8243; _module_preset=\u00bbdefault\u00bb body_font=\u00bb|300|||||||\u00bb global_colors_info=\u00bb{}\u00bb open=\u00bboff\u00bb]Relativamente todos pueden participar en nuestro tour, recomendamos ni\u00f1os de 1 a\u00f1o en adelante y personas mayores con condiciones f\u00edsicas para montarse y bajarse del bote.[\/et_pb_accordion_item][et_pb_accordion_item title=\u00bb\u00bfQue tipo de comida ofrecen? \u00bb _builder_version=\u00bb4.25.0&#8243; _module_preset=\u00bbdefault\u00bb body_font=\u00bb|300|||||||\u00bb global_colors_info=\u00bb{}\u00bb open=\u00bboff\u00bb]La comida que ofrecen los restaurantes, es la peca del d\u00eda, si usted es vegetariano (a) o tiene alguna restricci\u00f3n o dieta especial es importante que al momento de su reserva nos notifique, para organizar y estar preparados al momento de su tour y llegada al restaurante. Cabe destacar que los restaurantes no se especializan en ning\u00fan tipo de comida y la gran mayor\u00eda de las presentaciones de los platos son estilos caseros.[\/et_pb_accordion_item][et_pb_accordion_item title=\u00bb\u00bfHay mosquitos en la isla? \u00bb _builder_version=\u00bb4.25.0&#8243; _module_preset=\u00bbdefault\u00bb body_font=\u00bb|300|||||||\u00bb global_colors_info=\u00bb{}\u00bb open=\u00bboff\u00bb]No hay mosquitos en la isla, pero normalmente de marzo a noviembre siempre hay moquitos en el puerto por lo que recomendamos traiga su repelente y ropa manga larga si es de piel muy sensible.[\/et_pb_accordion_item][et_pb_accordion_item title=\u00bb\u00bfPuedo llevar cooler? \u00bb _builder_version=\u00bb4.25.0&#8243; _module_preset=\u00bbdefault\u00bb body_font=\u00bb|300|||||||\u00bb global_colors_info=\u00bb{}\u00bb open=\u00bbon\u00bb]Puedes llevar todo lo que quieras en el cooler, recomendamos mucha agua y Snacks.[\/et_pb_accordion_item][\/et_pb_accordion][\/et_pb_column][\/et_pb_row][\/et_pb_section]<\/p>\n","protected":false},"excerpt":{"rendered":"<p>Preguntas Comunes Respuestas sencillas a tus preguntas.PREGUNTAS FRECUENTES Preguntas frecuentesAqu\u00ed te dejamos algunas preguntas frecuentes, esperando que sus dudas sean respondidas de lo contrario escribirnos y con mucho gusto le ayudamos. Nuestras tarifas est\u00e1n calculadas para un m\u00ednimo de 1 persona.Debes estar listo a las 5:00 am porque tenemos 1 hora para recoger a todos [&hellip;]<\/p>\n","protected":false},"author":1,"featured_media":0,"parent":0,"menu_order":0,"comment_status":"closed","ping_status":"closed","template":"","meta":{"_acf_changed":false,"_et_pb_use_builder":"on","_et_pb_old_content":"","_et_gb_content_width":"","footnotes":""},"class_list":["post-2948","page","type-page","status-publish","hentry"],"acf":[],"_links":{"self":[{"href":"https:\/\/www.gunayalapanamatravel.com\/es\/wp-json\/wp\/v2\/pages\/2948","targetHints":{"allow":["GET"]}}],"collection":[{"href":"https:\/\/www.gunayalapanamatravel.com\/es\/wp-json\/wp\/v2\/pages"}],"about":[{"href":"https:\/\/www.gunayalapanamatravel.com\/es\/wp-json\/wp\/v2\/types\/page"}],"author":[{"embeddable":true,"href":"https:\/\/www.gunayalapanamatravel.com\/es\/wp-json\/wp\/v2\/users\/1"}],"replies":[{"embeddable":true,"href":"https:\/\/www.gunayalapanamatravel.com\/es\/wp-json\/wp\/v2\/comments?post=2948"}],"version-history":[{"count":2,"href":"https:\/\/www.gunayalapanamatravel.com\/es\/wp-json\/wp\/v2\/pages\/2948\/revisions"}],"predecessor-version":[{"id":2950,"href":"https:\/\/www.gunayalapanamatravel.com\/es\/wp-json\/wp\/v2\/pages\/2948\/revisions\/2950"}],"wp:attachment":[{"href":"https:\/\/www.gunayalapanamatravel.com\/es\/wp-json\/wp\/v2\/media?parent=2948"}],"curies":[{"name":"wp","href":"https:\/\/api.w.org\/{rel}","templated":true}]}}